{"id":19,"date":"2025-06-07T21:10:36","date_gmt":"2025-06-07T21:10:36","guid":{"rendered":"https:\/\/pskzeynep.com\/?page_id=19"},"modified":"2026-03-14T19:34:48","modified_gmt":"2026-03-14T19:34:48","slug":"ana-sayfa","status":"publish","type":"page","link":"https:\/\/pskzeynep.com\/","title":{"rendered":""},"content":{"rendered":"\t\t<div data-elementor-type=\"wp-page\" data-elementor-id=\"19\" class=\"elementor elementor-19\">\n\t\t\t\t<div class=\"elementor-element elementor-element-3ad92c84 e-con-full e-flex e-con e-parent\" data-id=\"3ad92c84\" data-element_type=\"container\" data-e-type=\"container\">\n\t\t\t\t<div class=\"elementor-element elementor-element-1ba6bd14 elementor-widget__width-inherit elementor-widget elementor-widget-text-editor\" data-id=\"1ba6bd14\" data-element_type=\"widget\" data-e-type=\"widget\" data-widget_type=\"text-editor.default\">\n\t\t\t\t\t\t\t\t\t\n<div class=\"wp-block-cover alignfull is-light has-contrast-color has-text-color has-link-color wp-elements-1a4cfe6531d43919e83fb560a34ac595\" style=\"margin-top: 0; margin-bottom: 0; padding: var(--wp--preset--spacing--60) var(--wp--preset--spacing--50) var(--wp--preset--spacing--60) var(--wp--preset--spacing--50);\">\n<div class=\"wp-block-cover__inner-container has-global-padding is-layout-constrained wp-container-core-cover-is-layout-873ee6b1 wp-block-cover-is-layout-constrained\">\n<div class=\"wp-block-columns alignwide is-layout-flex wp-container-core-columns-is-layout-7ee84d44 wp-block-columns-is-layout-flex\">\n<div class=\"wp-block-column is-layout-flow wp-block-column-is-layout-flow\" style=\"flex-basis: 65%;\">\n<div class=\"wp-block-group is-vertical is-content-justification-stretch is-layout-flex wp-container-core-group-is-layout-353c4f5a wp-block-group-is-layout-flex\">\n<h1 class=\"wp-block-heading has-text-align-left\" style=\"font-size:clamp(8.042rem, 8.042rem + ((1vw - 0.2rem) * 21.895), 22rem); font-style: normal; font-weight: 300; letter-spacing: -0.03em; line-height: 1.4;\">Kim?<\/h1>\n\n<p class=\"is-style-text-subtitle is-style-text-subtitle--3\">Zeynep Y\u0131lmaz, yeti\u015fkinlerle \u00e7al\u0131\u015fan bir psikologdur ve \u00e7al\u0131\u015fmalar\u0131n\u0131 psikanalitik y\u00f6nelimle s\u00fcrd\u00fcrmektedir.<\/p>\n\n<p>Psikoloji lisans e\u011fitimini MEF \u00dcniversitesi\u2019nde tamamlam\u0131\u015f, klinik psikoloji y\u00fcksek lisans e\u011fitimine Gedik \u00dcniversitesi\u2019nde devam etmektedir. Psikanaliz alan\u0131ndaki teorik \u00e7al\u0131\u015fmalar\u0131n\u0131 ve mesleki geli\u015fimini \u00e7e\u015fitli seminerler, konferanslar ve uluslararas\u0131 psikanalitik etkinlikler arac\u0131l\u0131\u011f\u0131yla s\u00fcrd\u00fcrmektedir.<\/p>\n\n<p>Psikanalitik yakla\u015f\u0131m, ki\u015finin ya\u015fad\u0131\u011f\u0131 zorluklar\u0131 yaln\u0131zca y\u00fczeyde g\u00f6r\u00fcnen belirtiler \u00fczerinden ele almak yerine, bu deneyimlerin arkas\u0131ndaki bilin\u00e7d\u0131\u015f\u0131 s\u00fcre\u00e7leri, ili\u015fki \u00f6r\u00fcnt\u00fclerini ve i\u00e7sel dinamikleri anlamaya odaklan\u0131r. Bu bak\u0131\u015f a\u00e7\u0131s\u0131na g\u00f6re bir\u00e7ok psikolojik zorlanma; ya\u015fam i\u00e7inde tekrar eden ili\u015fki bi\u00e7imleri, \u00e7\u00f6z\u00fcmlenmemi\u015f duygusal deneyimler ve ki\u015finin kendisiyle kurdu\u011fu ili\u015fkiyle yak\u0131ndan ba\u011flant\u0131l\u0131d\u0131r.<\/p>\n\n<p>Bu nedenle terapi s\u00fcreci, yaln\u0131zca semptomlar\u0131 ortadan kald\u0131rmay\u0131 hedefleyen bir m\u00fcdahale de\u011fil; ki\u015finin kendi hik\u00e2yesini daha derin bir \u015fekilde anlamas\u0131na alan a\u00e7an bir ke\u015fif s\u00fcreci olarak ele al\u0131n\u0131r. Seanslarda bireyin ya\u015fam\u0131nda tekrar eden d\u00fc\u015f\u00fcnce, duygu ve ili\u015fki \u00f6r\u00fcnt\u00fcleri birlikte ele al\u0131n\u0131r; bu \u00f6r\u00fcnt\u00fclerin nas\u0131l olu\u015ftu\u011fu ve bug\u00fcn ya\u015fam\u0131 nas\u0131l etkiledi\u011fi \u00fczerine \u00e7al\u0131\u015f\u0131l\u0131r.<\/p>\n\n<p>Bir\u00e7ok ki\u015fi hayat\u0131n\u0131n belirli d\u00f6nemlerinde kendisini benzer durumlar\u0131n i\u00e7inde tekrar tekrar buldu\u011funu fark eder: benzer ili\u015fki dinamikleri, ayn\u0131 t\u00fcr kayg\u0131lar, tekrar eden \u00e7at\u0131\u015fmalar veya a\u00e7\u0131klamakta zorlan\u0131lan duygular. Psikanalitik \u00e7al\u0131\u015fma, bu d\u00f6ng\u00fclerin nas\u0131l kuruldu\u011funu anlamaya ve ki\u015finin bu \u00f6r\u00fcnt\u00fclerle kurdu\u011fu ili\u015fkiyi d\u00f6n\u00fc\u015ft\u00fcrmesine yard\u0131mc\u0131 olmay\u0131 ama\u00e7lar. Bu s\u00fcre\u00e7, ki\u015finin kendi i\u00e7 d\u00fcnyas\u0131n\u0131 daha yak\u0131ndan tan\u0131mas\u0131na ve ya\u015fam\u0131nda daha \u00f6zg\u00fcr bir konum alabilmesine olanak tan\u0131r.<\/p>\n\n<p>\u00c7al\u0131\u015fma alanlar\u0131 aras\u0131nda depresyon ve duygudurum sorunlar\u0131, kayg\u0131 bozukluklar\u0131, travma ve yas s\u00fcre\u00e7leri, ili\u015fki ve ba\u011flanma problemleri, \u00f6zg\u00fcven ve kimlik sorunlar\u0131 yer almaktad\u0131r.<\/p>\n\n<p class=\"is-style-text-subtitle is-style-text-subtitle--4\">Seanslar Kad\u0131k\u00f6y\/Bostanc\u0131\u2019da y\u00fcz y\u00fcze veya online olarak y\u00fcr\u00fct\u00fclmektedir.<\/p>\n<\/div>\n<\/div>\n\n<div class=\"wp-block-column is-layout-flow wp-block-column-is-layout-flow\" style=\"flex-basis: 35%;\">\n<div class=\"wp-block-group is-vertical is-content-justification-stretch is-nowrap is-layout-flex wp-container-core-group-is-layout-73b0033c wp-block-group-is-layout-flex\">\n<figure class=\"wp-block-image size-full\"><img fetchpriority=\"high\" decoding=\"async\" width=\"645\" height=\"799\" data-recalc-dims=\"1\" class=\"wp-image-192\" style=\"aspect-ratio: 3\/4; object-fit: cover;\" src=\"https:\/\/i0.wp.com\/pskzeynep.com\/wp-content\/uploads\/2026\/03\/psiko5.jpg?ssl=1\" alt=\"\" srcset=\"https:\/\/i0.wp.com\/pskzeynep.com\/wp-content\/uploads\/2026\/03\/psiko5.jpg?w=645&amp;ssl=1 645w, https:\/\/i0.wp.com\/pskzeynep.com\/wp-content\/uploads\/2026\/03\/psiko5.jpg?resize=242%2C300&amp;ssl=1 242w\" sizes=\"(max-width: 645px) 100vw, 645px\" \/><\/figure>\n\n<p class=\"has-text-align-center has-x-large-font-size\" style=\"line-height: 1.2;\">Psikolog Zeynep Y\u0131lmaz<\/p>\n\n<p>\u00a0<\/p>\n\n<p class=\"has-text-align-right has-x-large-font-size\" style=\"line-height: 1.2;\"><a href=\"pskzeynepy@gmail.com\">Mail<\/a><\/p>\n\n<p class=\"has-text-align-right has-x-large-font-size\" style=\"line-height: 1.2;\"><a href=\"https:\/\/www.instagram.com\/analizeyn\/\" target=\"_blank\" rel=\"noreferrer noopener\">Instagra<\/a><a href=\"#\">m<\/a><\/p>\n<\/div>\n<\/div>\n<\/div>\n<\/div>\n<\/div>\n\t\t\t\t\t\t\t\t<\/div>\n\t\t\t\t<\/div>\n\t\t<div class=\"elementor-element elementor-element-253c0c7 e-con-full e-flex e-con e-parent\" data-id=\"253c0c7\" data-element_type=\"container\" data-e-type=\"container\">\n\t\t\t\t<\/div>\n\t\t\t\t<\/div>\n\t\t","protected":false},"excerpt":{"rendered":"","protected":false},"author":1,"featured_media":0,"parent":0,"menu_order":0,"comment_status":"closed","ping_status":"closed","template":"elementor_header_footer","meta":{"footnotes":""},"class_list":["post-19","page","type-page","status-publish","hentry"],"jetpack_sharing_enabled":true,"jetpack-related-posts":[],"_links":{"self":[{"href":"https:\/\/pskzeynep.com\/index.php?rest_route=\/wp\/v2\/pages\/19","targetHints":{"allow":["GET"]}}],"collection":[{"href":"https:\/\/pskzeynep.com\/index.php?rest_route=\/wp\/v2\/pages"}],"about":[{"href":"https:\/\/pskzeynep.com\/index.php?rest_route=\/wp\/v2\/types\/page"}],"author":[{"embeddable":true,"href":"https:\/\/pskzeynep.com\/index.php?rest_route=\/wp\/v2\/users\/1"}],"replies":[{"embeddable":true,"href":"https:\/\/pskzeynep.com\/index.php?rest_route=%2Fwp%2Fv2%2Fcomments&post=19"}],"version-history":[{"count":13,"href":"https:\/\/pskzeynep.com\/index.php?rest_route=\/wp\/v2\/pages\/19\/revisions"}],"predecessor-version":[{"id":203,"href":"https:\/\/pskzeynep.com\/index.php?rest_route=\/wp\/v2\/pages\/19\/revisions\/203"}],"wp:attachment":[{"href":"https:\/\/pskzeynep.com\/index.php?rest_route=%2Fwp%2Fv2%2Fmedia&parent=19"}],"curies":[{"name":"wp","href":"https:\/\/api.w.org\/{rel}","templated":true}]}}